{"id":763,"date":"2026-01-29T19:40:13","date_gmt":"2026-01-29T19:40:13","guid":{"rendered":"https:\/\/tattoo-krakow.pl\/available-projects\/"},"modified":"2026-02-11T14:36:58","modified_gmt":"2026-02-11T14:36:58","slug":"available-designs","status":"publish","type":"page","link":"https:\/\/tattoo-krakow.pl\/en\/available-designs\/","title":{"rendered":"Available projects"},"content":{"rendered":"<section class=\"l-section wpb_row height_large\"><div class=\"l-section-h i-cf\"><div class=\"g-cols vc_row via_grid cols_1 laptops-cols_inherit tablets-cols_inherit mobiles-cols_1 valign_top type_default stacking_default\"><div class=\"wpb_column vc_column_container us_custom_eb849559\"><div class=\"vc_column-inner\"><h1 class=\"w-text us_custom_175b29d5\"><span class=\"w-text-h\"><span class=\"w-text-value\">Available projects<\/span><\/span><\/h1><h2 class=\"w-text us_custom_5c439955 has_text_color\"><span class=\"w-text-h\"><span class=\"w-text-value\">Original Collection. One design. One owner.<\/span><\/span><\/h2><div class=\"w-separator us_custom_8dd538fd size_small with_line width_default thick_1 style_solid color_primary align_center\"><div class=\"w-separator-h\"><\/div><\/div><div class=\"wpb_text_column us_custom_0b8d3314\"><div class=\"wpb_wrapper\"><p><span>We present a gallery of unique designs created by our team. Each design is available to be tattooed only once. Prices are determined individually depending on the size and placement.<\/span><\/p>\n<\/div><\/div><\/div><\/div><\/div><\/div><\/section><section class=\"l-section wpb_row us_custom_e491ad69 height_medium\"><div class=\"l-section-h i-cf\"><div class=\"g-cols vc_row via_grid cols_1 laptops-cols_inherit tablets-cols_inherit mobiles-cols_1 valign_top type_default stacking_default\"><div class=\"wpb_column vc_column_container\"><div class=\"vc_column-inner\"><h2 class=\"w-text us_custom_9de87d4e\"><span class=\"w-text-h\"><span class=\"w-text-value\">Available Designs<\/span><\/span><\/h2><p class=\"w-text us_custom_60e87e25\"><span class=\"w-text-h\"><span class=\"w-text-value\">Browse our collection. When you find a design you like, note its ID number and enter it in the form below.<\/span><\/span><\/p><div class=\"w-separator size_small\"><\/div><div class=\"w-gallery portfolio-gallery fit_cover type_grid action_popup_image ratio_1x1 count_10\" style=\"--columns:5;--items-gap:10px;\"><div class=\"w-gallery-list\"><div class=\"w-gallery-item\"><div class=\"w-gallery-item-img\"><img loading=\"lazy\" decoding=\"async\" width=\"576\" height=\"1024\" src=\"https:\/\/tattoo-krakow.pl\/wp-content\/uploads\/2026\/02\/tattoo-krakow-olga-sankova-minimalist-ornamental-inner-forearm-blackwork-576x1024.jpg\" class=\"attachment-large size-large\" alt=\"Available tattoo design featuring a minimalist ornamental composition placed on the inner forearm. Executed in clean blackwork with fine, precise lines and a symmetrical layout focused on balance and simplicity. Tattoo design by Olga Sankova (@olga_sankova_tattoo), done for the Tattoo Krakow Artists Collective.\" srcset=\"https:\/\/tattoo-krakow.pl\/wp-content\/uploads\/2026\/02\/tattoo-krakow-olga-sankova-minimalist-ornamental-inner-forearm-blackwork-576x1024.jpg 576w, https:\/\/tattoo-krakow.pl\/wp-content\/uploads\/2026\/02\/tattoo-krakow-olga-sankova-minimalist-ornamental-inner-forearm-blackwork-169x300.jpg 169w, https:\/\/tattoo-krakow.pl\/wp-content\/uploads\/2026\/02\/tattoo-krakow-olga-sankova-minimalist-ornamental-inner-forearm-blackwork.jpg 720w\" sizes=\"auto, (max-width: 576px) 100vw, 576px\" \/><\/div><div class=\"w-gallery-item-meta\"><div class=\"w-gallery-item-title\">#O261<\/div><\/div><a class=\"w-gallery-item-link\" aria-label=\"#O261\" href=\"https:\/\/tattoo-krakow.pl\/wp-content\/uploads\/2026\/02\/tattoo-krakow-olga-sankova-minimalist-ornamental-inner-forearm-blackwork.jpg\" title=\"#O261\"><\/a><\/div><div class=\"w-gallery-item\"><div class=\"w-gallery-item-img\"><img loading=\"lazy\" decoding=\"async\" width=\"576\" height=\"1024\" src=\"https:\/\/tattoo-krakow.pl\/wp-content\/uploads\/2026\/02\/tattoo-krakow-olga-sankova-minimalist-ornamental-forearm-blackwork-symmetry-576x1024.jpg\" class=\"attachment-large size-large\" alt=\"Available tattoo design featuring a minimalist ornamental composition placed on the forearm. Executed in clean blackwork with fine line details and a symmetrical structure, focused on balance and precise decorative elements. Tattoo design by Olga Sankova (@olga_sankova_tattoo), done for the Tattoo Krakow Artists Collective.\" srcset=\"https:\/\/tattoo-krakow.pl\/wp-content\/uploads\/2026\/02\/tattoo-krakow-olga-sankova-minimalist-ornamental-forearm-blackwork-symmetry-576x1024.jpg 576w, https:\/\/tattoo-krakow.pl\/wp-content\/uploads\/2026\/02\/tattoo-krakow-olga-sankova-minimalist-ornamental-forearm-blackwork-symmetry-169x300.jpg 169w, https:\/\/tattoo-krakow.pl\/wp-content\/uploads\/2026\/02\/tattoo-krakow-olga-sankova-minimalist-ornamental-forearm-blackwork-symmetry.jpg 720w\" sizes=\"auto, (max-width: 576px) 100vw, 576px\" \/><\/div><div class=\"w-gallery-item-meta\"><div class=\"w-gallery-item-title\">#O261<\/div><\/div><a class=\"w-gallery-item-link\" aria-label=\"#O261\" href=\"https:\/\/tattoo-krakow.pl\/wp-content\/uploads\/2026\/02\/tattoo-krakow-olga-sankova-minimalist-ornamental-forearm-blackwork-symmetry.jpg\" title=\"#O261\"><\/a><\/div><div class=\"w-gallery-item\"><div class=\"w-gallery-item-img\"><img loading=\"lazy\" decoding=\"async\" width=\"724\" height=\"1024\" src=\"https:\/\/tattoo-krakow.pl\/wp-content\/uploads\/2026\/02\/tattoo-krakow-olga-sankova-fine-line-symmetrical-rose-floral-black-grey-724x1024.jpg\" class=\"attachment-large size-large\" alt=\"Available tattoo design featuring a fine line ornamental rose with a symmetrical layout and softly layered petals. Created in black and grey with precise, delicate linework and subtle shading, focused on balance and a clean floral structure. Tattoo design by Olga Sankova (@olga_sankova_tattoo), done for the Tattoo Krakow Artists Collective.\" srcset=\"https:\/\/tattoo-krakow.pl\/wp-content\/uploads\/2026\/02\/tattoo-krakow-olga-sankova-fine-line-symmetrical-rose-floral-black-grey-724x1024.jpg 724w, https:\/\/tattoo-krakow.pl\/wp-content\/uploads\/2026\/02\/tattoo-krakow-olga-sankova-fine-line-symmetrical-rose-floral-black-grey-212x300.jpg 212w, https:\/\/tattoo-krakow.pl\/wp-content\/uploads\/2026\/02\/tattoo-krakow-olga-sankova-fine-line-symmetrical-rose-floral-black-grey.jpg 905w\" sizes=\"auto, (max-width: 724px) 100vw, 724px\" \/><\/div><div class=\"w-gallery-item-meta\"><div class=\"w-gallery-item-title\">#O262<\/div><\/div><a class=\"w-gallery-item-link\" aria-label=\"#O262\" href=\"https:\/\/tattoo-krakow.pl\/wp-content\/uploads\/2026\/02\/tattoo-krakow-olga-sankova-fine-line-symmetrical-rose-floral-black-grey.jpg\" title=\"#O262\"><\/a><\/div><div class=\"w-gallery-item\"><div class=\"w-gallery-item-img\"><img loading=\"lazy\" decoding=\"async\" width=\"768\" height=\"1024\" src=\"https:\/\/tattoo-krakow.pl\/wp-content\/uploads\/2026\/02\/tattoo-krakow-olga-sankova-fine-line-ornamental-rose-black-grey-768x1024.jpg\" class=\"attachment-large size-large\" alt=\"Available tattoo design featuring a fine line ornamental rose with softly layered petals and symmetrical decorative elements. Created in black and grey with precise linework and subtle shading, focused on a balanced and refined floral composition. Tattoo design by Olga Sankova (@olga_sankova_tattoo), done for the Tattoo Krakow Artists Collective.\" srcset=\"https:\/\/tattoo-krakow.pl\/wp-content\/uploads\/2026\/02\/tattoo-krakow-olga-sankova-fine-line-ornamental-rose-black-grey-768x1024.jpg 768w, https:\/\/tattoo-krakow.pl\/wp-content\/uploads\/2026\/02\/tattoo-krakow-olga-sankova-fine-line-ornamental-rose-black-grey-225x300.jpg 225w, https:\/\/tattoo-krakow.pl\/wp-content\/uploads\/2026\/02\/tattoo-krakow-olga-sankova-fine-line-ornamental-rose-black-grey.jpg 960w\" sizes=\"auto, (max-width: 768px) 100vw, 768px\" \/><\/div><div class=\"w-gallery-item-meta\"><div class=\"w-gallery-item-title\">#O262<\/div><\/div><a class=\"w-gallery-item-link\" aria-label=\"#O262\" href=\"https:\/\/tattoo-krakow.pl\/wp-content\/uploads\/2026\/02\/tattoo-krakow-olga-sankova-fine-line-ornamental-rose-black-grey.jpg\" title=\"#O262\"><\/a><\/div><div class=\"w-gallery-item\"><div class=\"w-gallery-item-img\"><img loading=\"lazy\" decoding=\"async\" width=\"576\" height=\"1024\" src=\"https:\/\/tattoo-krakow.pl\/wp-content\/uploads\/2026\/02\/tattoo-krakow-olga-sankova-fine-line-jellyfish-upper-arm-black-grey-576x1024.jpg\" class=\"attachment-large size-large\" alt=\"Available tattoo design featuring a fine line jellyfish placed on the upper arm, created with flowing organic lines and soft black and grey shading. The composition emphasizes clean linework, movement, and a minimalist structure. Tattoo design by Olga Sankova (@olga_sankova_tattoo), done for the Tattoo Krakow Artists Collective.\" srcset=\"https:\/\/tattoo-krakow.pl\/wp-content\/uploads\/2026\/02\/tattoo-krakow-olga-sankova-fine-line-jellyfish-upper-arm-black-grey-576x1024.jpg 576w, https:\/\/tattoo-krakow.pl\/wp-content\/uploads\/2026\/02\/tattoo-krakow-olga-sankova-fine-line-jellyfish-upper-arm-black-grey-169x300.jpg 169w, https:\/\/tattoo-krakow.pl\/wp-content\/uploads\/2026\/02\/tattoo-krakow-olga-sankova-fine-line-jellyfish-upper-arm-black-grey.jpg 720w\" sizes=\"auto, (max-width: 576px) 100vw, 576px\" \/><\/div><div class=\"w-gallery-item-meta\"><div class=\"w-gallery-item-title\">#O263<\/div><\/div><a class=\"w-gallery-item-link\" aria-label=\"#O263\" href=\"https:\/\/tattoo-krakow.pl\/wp-content\/uploads\/2026\/02\/tattoo-krakow-olga-sankova-fine-line-jellyfish-upper-arm-black-grey.jpg\" title=\"#O263\"><\/a><\/div><div class=\"w-gallery-item\"><div class=\"w-gallery-item-img\"><img loading=\"lazy\" decoding=\"async\" width=\"576\" height=\"1024\" src=\"https:\/\/tattoo-krakow.pl\/wp-content\/uploads\/2026\/02\/tattoo-krakow-olga-sankova-fine-line-jellyfish-forearm-black-grey-576x1024.jpg\" class=\"attachment-large size-large\" alt=\"Available tattoo design featuring a fine line jellyfish placed on the forearm, created with flowing organic lines and soft black and grey shading. The composition focuses on clean linework and natural movement. Tattoo design by Olga Sankova (@olga_sankova_tattoo), done for the Tattoo Krakow Artists Collective.\" srcset=\"https:\/\/tattoo-krakow.pl\/wp-content\/uploads\/2026\/02\/tattoo-krakow-olga-sankova-fine-line-jellyfish-forearm-black-grey-576x1024.jpg 576w, https:\/\/tattoo-krakow.pl\/wp-content\/uploads\/2026\/02\/tattoo-krakow-olga-sankova-fine-line-jellyfish-forearm-black-grey-169x300.jpg 169w, https:\/\/tattoo-krakow.pl\/wp-content\/uploads\/2026\/02\/tattoo-krakow-olga-sankova-fine-line-jellyfish-forearm-black-grey.jpg 720w\" sizes=\"auto, (max-width: 576px) 100vw, 576px\" \/><\/div><div class=\"w-gallery-item-meta\"><div class=\"w-gallery-item-title\">#O263<\/div><\/div><a class=\"w-gallery-item-link\" aria-label=\"#O263\" href=\"https:\/\/tattoo-krakow.pl\/wp-content\/uploads\/2026\/02\/tattoo-krakow-olga-sankova-fine-line-jellyfish-forearm-black-grey.jpg\" title=\"#O263\"><\/a><\/div><div class=\"w-gallery-item\"><div class=\"w-gallery-item-img\"><img loading=\"lazy\" decoding=\"async\" width=\"724\" height=\"1024\" src=\"https:\/\/tattoo-krakow.pl\/wp-content\/uploads\/2026\/02\/tattoo-krakow-olga-sankova-fine-line-bird-upper-arm-branch-black-grey-724x1024.jpg\" class=\"attachment-large size-large\" alt=\"Available tattoo design featuring a fine line bird resting on a delicate branch with soft leaves, placed on the upper arm. Created in black and grey with precise linework and subtle shading, focused on a light and balanced composition. Tattoo design by Olga Sankova (@olga_sankova_tattoo), done for the Tattoo Krakow Artists Collective.\" srcset=\"https:\/\/tattoo-krakow.pl\/wp-content\/uploads\/2026\/02\/tattoo-krakow-olga-sankova-fine-line-bird-upper-arm-branch-black-grey-724x1024.jpg 724w, https:\/\/tattoo-krakow.pl\/wp-content\/uploads\/2026\/02\/tattoo-krakow-olga-sankova-fine-line-bird-upper-arm-branch-black-grey-212x300.jpg 212w, https:\/\/tattoo-krakow.pl\/wp-content\/uploads\/2026\/02\/tattoo-krakow-olga-sankova-fine-line-bird-upper-arm-branch-black-grey.jpg 905w\" sizes=\"auto, (max-width: 724px) 100vw, 724px\" \/><\/div><div class=\"w-gallery-item-meta\"><div class=\"w-gallery-item-title\">#O264<\/div><\/div><a class=\"w-gallery-item-link\" aria-label=\"#O264\" href=\"https:\/\/tattoo-krakow.pl\/wp-content\/uploads\/2026\/02\/tattoo-krakow-olga-sankova-fine-line-bird-upper-arm-branch-black-grey.jpg\" title=\"#O264\"><\/a><\/div><div class=\"w-gallery-item\"><div class=\"w-gallery-item-img\"><img loading=\"lazy\" decoding=\"async\" width=\"724\" height=\"1024\" src=\"https:\/\/tattoo-krakow.pl\/wp-content\/uploads\/2026\/02\/tattoo-krakow-olga-sankova-fine-line-bird-flowing-leaves-black-grey-724x1024.jpg\" class=\"attachment-large size-large\" alt=\"Available tattoo design featuring a fine line bird perched on a delicate branch with flowing leaves. Created in black and grey using precise linework and soft shading, focused on a clean and minimalist composition. Tattoo design by Olga Sankova (@olga_sankova_tattoo), done for the Tattoo Krakow Artists Collective.\" srcset=\"https:\/\/tattoo-krakow.pl\/wp-content\/uploads\/2026\/02\/tattoo-krakow-olga-sankova-fine-line-bird-flowing-leaves-black-grey-724x1024.jpg 724w, https:\/\/tattoo-krakow.pl\/wp-content\/uploads\/2026\/02\/tattoo-krakow-olga-sankova-fine-line-bird-flowing-leaves-black-grey-212x300.jpg 212w, https:\/\/tattoo-krakow.pl\/wp-content\/uploads\/2026\/02\/tattoo-krakow-olga-sankova-fine-line-bird-flowing-leaves-black-grey.jpg 905w\" sizes=\"auto, (max-width: 724px) 100vw, 724px\" \/><\/div><div class=\"w-gallery-item-meta\"><div class=\"w-gallery-item-title\">#O265<\/div><\/div><a class=\"w-gallery-item-link\" aria-label=\"#O265\" href=\"https:\/\/tattoo-krakow.pl\/wp-content\/uploads\/2026\/02\/tattoo-krakow-olga-sankova-fine-line-bird-flowing-leaves-black-grey.jpg\" title=\"#O265\"><\/a><\/div><div class=\"w-gallery-item\"><div class=\"w-gallery-item-img\"><img loading=\"lazy\" decoding=\"async\" width=\"768\" height=\"1024\" src=\"https:\/\/tattoo-krakow.pl\/wp-content\/uploads\/2026\/02\/tattoo-krakow-olga-sankova-fine-line-bird-branch-soft-leaves-black-grey-768x1024.jpg\" class=\"attachment-large size-large\" alt=\"Available tattoo design featuring a fine line bird perched on a branch with soft leaves. Created in black and grey with precise linework and subtle shading, focused on lightness and natural flow. Tattoo design by Olga Sankova (@olga_sankova_tattoo), done for the Tattoo Krakow Artists Collective.\" srcset=\"https:\/\/tattoo-krakow.pl\/wp-content\/uploads\/2026\/02\/tattoo-krakow-olga-sankova-fine-line-bird-branch-soft-leaves-black-grey-768x1024.jpg 768w, https:\/\/tattoo-krakow.pl\/wp-content\/uploads\/2026\/02\/tattoo-krakow-olga-sankova-fine-line-bird-branch-soft-leaves-black-grey-225x300.jpg 225w, https:\/\/tattoo-krakow.pl\/wp-content\/uploads\/2026\/02\/tattoo-krakow-olga-sankova-fine-line-bird-branch-soft-leaves-black-grey.jpg 960w\" sizes=\"auto, (max-width: 768px) 100vw, 768px\" \/><\/div><div class=\"w-gallery-item-meta\"><div class=\"w-gallery-item-title\">#O265<\/div><\/div><a class=\"w-gallery-item-link\" aria-label=\"#O265\" href=\"https:\/\/tattoo-krakow.pl\/wp-content\/uploads\/2026\/02\/tattoo-krakow-olga-sankova-fine-line-bird-branch-soft-leaves-black-grey.jpg\" title=\"#O265\"><\/a><\/div><div class=\"w-gallery-item\"><div class=\"w-gallery-item-img\"><img loading=\"lazy\" decoding=\"async\" width=\"724\" height=\"1024\" src=\"https:\/\/tattoo-krakow.pl\/wp-content\/uploads\/2026\/02\/tattoo-krakow-olga-sankova-fine-line-bird-branch-black-grey-724x1024.jpg\" class=\"attachment-large size-large\" alt=\"Available tattoo design featuring a fine line bird resting on a slender branch with delicate leaves. Executed in black and grey with soft shading and clean, precise linework, designed for a minimalist and balanced look. Tattoo design by Olga Sankova (@olga_sankova_tattoo), done for the Tattoo Krakow Artists Collective.\" srcset=\"https:\/\/tattoo-krakow.pl\/wp-content\/uploads\/2026\/02\/tattoo-krakow-olga-sankova-fine-line-bird-branch-black-grey-724x1024.jpg 724w, https:\/\/tattoo-krakow.pl\/wp-content\/uploads\/2026\/02\/tattoo-krakow-olga-sankova-fine-line-bird-branch-black-grey-212x300.jpg 212w, https:\/\/tattoo-krakow.pl\/wp-content\/uploads\/2026\/02\/tattoo-krakow-olga-sankova-fine-line-bird-branch-black-grey.jpg 905w\" sizes=\"auto, (max-width: 724px) 100vw, 724px\" \/><\/div><div class=\"w-gallery-item-meta\"><div class=\"w-gallery-item-title\">#O264<\/div><\/div><a class=\"w-gallery-item-link\" aria-label=\"#O264\" href=\"https:\/\/tattoo-krakow.pl\/wp-content\/uploads\/2026\/02\/tattoo-krakow-olga-sankova-fine-line-bird-branch-black-grey.jpg\" title=\"#O264\"><\/a><\/div><\/div><div class=\"w-gallery-json hidden\"  onclick='return {&quot;action&quot;:&quot;us_ajax_gallery&quot;,&quot;template_vars&quot;:{&quot;ids&quot;:[390,388,386,384,382,380,378,376,374,372],&quot;img_size&quot;:&quot;large&quot;,&quot;items_click_action&quot;:&quot;popup_image&quot;,&quot;items_link&quot;:&quot;{\\&quot;url\\&quot;:\\&quot;\\&quot;}&quot;,&quot;items_title&quot;:&quot;1&quot;,&quot;max_num_pages&quot;:1,&quot;quantity&quot;:&quot;12&quot;,&quot;pagination&quot;:&quot;load_on_btn&quot;}}'><\/div><\/div><\/div><\/div><\/div><\/div><\/section><section class=\"l-section wpb_row us_custom_e491ad69 height_medium width_custom\" style=\"--site-content-width:670px;\"><div class=\"l-section-overlay\" style=\"background:var(--color-content-bg-alt)\"><\/div><div class=\"l-section-h i-cf\"><div class=\"g-cols vc_row via_grid cols_1 laptops-cols_inherit tablets-cols_inherit mobiles-cols_1 valign_top type_default stacking_default\"><div class=\"wpb_column vc_column_container\"><div class=\"vc_column-inner\"><h2 class=\"w-text us_custom_58b1af09\"><span class=\"w-text-h\"><span class=\"w-text-value\">Reserve the selected design<\/span><\/span><\/h2><div class=\"wpb_text_column\"><div class=\"wpb_wrapper\"><p style=\"text-align: center;\"><span>Designs are reserved on a first-come, first-served basis.<\/span><br class=\"hidden md:block\"><span>After submitting the form, we will contact you to confirm.<\/span><\/p>\n<\/div><\/div><div class=\"w-separator size_medium\"><\/div><div class=\"w-html us_custom_01143f78\"><div class=\"forminator-ui forminator-custom-form forminator-custom-form-553 forminator-design--default  forminator_ajax\" data-forminator-render=\"0\" data-form=\"forminator-module-553\" data-uid=\"69f4344a53050\"><br\/><\/div><form\n\t\t\t\tid=\"forminator-module-553\"\n\t\t\t\tclass=\"forminator-ui forminator-custom-form forminator-custom-form-553 forminator-design--default  forminator_ajax\"\n\t\t\t\tmethod=\"post\"\n\t\t\t\tdata-forminator-render=\"0\"\n\t\t\t\tdata-form-id=\"553\"\n\t\t\t\tenctype=\"multipart\/form-data\" data-color-option=\"theme\" data-design=\"default\" data-grid=\"open\" style=\"display: none;\"\n\t\t\t\tdata-uid=\"69f4344a53050\"\n\t\t\t><div role=\"alert\" aria-live=\"polite\" class=\"forminator-response-message forminator-error\" aria-hidden=\"true\"><\/div><div class=\"forminator-row\"><div id=\"name-1\" class=\"forminator-field-name forminator-col forminator-col-12 \"><div class=\"forminator-field\"><label for=\"forminator-field-name-1_69f4344a53050\" id=\"forminator-field-name-1_69f4344a53050-label\" class=\"forminator-label\">Imi\u0119 <span class=\"forminator-required\">*<\/span><\/label><input type=\"text\" name=\"name-1\" value=\"\" placeholder=\"\" id=\"forminator-field-name-1_69f4344a53050\" class=\"forminator-input forminator-name--field\" aria-required=\"true\" autocomplete=\"name\" \/><\/div><\/div><\/div><div class=\"forminator-row\"><div id=\"phone-1\" class=\"forminator-field-phone forminator-col forminator-col-6 \"><div class=\"forminator-field\"><label for=\"forminator-field-phone-1_69f4344a53050\" id=\"forminator-field-phone-1_69f4344a53050-label\" class=\"forminator-label\">Telefon <span class=\"forminator-required\">*<\/span><\/label><input type=\"text\" name=\"phone-1\" value=\"\" placeholder=\"\" id=\"forminator-field-phone-1_69f4344a53050\" class=\"forminator-input forminator-field--phone\" data-required=\"1\" aria-required=\"true\" autocomplete=\"tel-national\" data-national_mode=\"disabled\" data-country=\"pl\" data-validation=\"international\" \/><\/div><\/div><div id=\"email-1\" class=\"forminator-field-email forminator-col forminator-col-6 \"><div class=\"forminator-field\"><label for=\"forminator-field-email-1_69f4344a53050\" id=\"forminator-field-email-1_69f4344a53050-label\" class=\"forminator-label\">Email <span class=\"forminator-required\">*<\/span><\/label><input type=\"email\" name=\"email-1\" value=\"\" placeholder=\"\" id=\"forminator-field-email-1_69f4344a53050\" class=\"forminator-input forminator-email--field\" data-required=\"true\" aria-required=\"true\" autocomplete=\"email\" \/><\/div><\/div><\/div><div class=\"forminator-row\"><div id=\"text-1\" class=\"forminator-field-text forminator-col forminator-col-6 \"><div class=\"forminator-field\"><label for=\"forminator-field-text-1_69f4344a53050\" id=\"forminator-field-text-1_69f4344a53050-label\" class=\"forminator-label\">Numer wzoru <span class=\"forminator-required\">*<\/span><\/label><input type=\"text\" name=\"text-1\" value=\"\" placeholder=\"#A261\" id=\"forminator-field-text-1_69f4344a53050\" class=\"forminator-input forminator-name--field\" data-required=\"1\" \/><\/div><\/div><div id=\"text-2\" class=\"forminator-field-text forminator-col forminator-col-6 \"><div class=\"forminator-field\"><label for=\"forminator-field-text-2_69f4344a53050\" id=\"forminator-field-text-2_69f4344a53050-label\" class=\"forminator-label\">Preferowane miejsce<\/label><input type=\"text\" name=\"text-2\" value=\"\" placeholder=\"np. Przedrami\u0119, \u0141ydka\" id=\"forminator-field-text-2_69f4344a53050\" class=\"forminator-input forminator-name--field\" data-required=\"\" \/><\/div><\/div><\/div><div class=\"forminator-row\"><div id=\"textarea-1\" class=\"forminator-field-textarea forminator-col forminator-col-12 \"><div class=\"forminator-field\"><label for=\"forminator-field-textarea-1_69f4344a53050\" id=\"forminator-field-textarea-1_69f4344a53050-label\" class=\"forminator-label\">Wiadomo\u015b\u0107<\/label><textarea name=\"textarea-1\" placeholder=\"Dodatkowe info\" id=\"forminator-field-textarea-1_69f4344a53050\" class=\"forminator-textarea\" rows=\"6\" style=\"--forminator-textarea-min-height:140px;\" ><\/textarea><\/div><\/div><\/div><div class=\"forminator-row\"><div id=\"upload-1\" class=\"forminator-field-upload forminator-col forminator-col-12 \"><div class=\"forminator-field\"><label for=\"forminator-field-upload-1_69f4344a53050\" id=\"forminator-field-upload-1_69f4344a53050-label\" class=\"forminator-label\">Zdj\u0119cia<\/label><div class=\"forminator-multi-upload \" data-element=\"upload-1_69f4344a53050\"><input type=\"file\" name=\"upload-1[]\" id=\"forminator-field-upload-1_69f4344a53050\" class=\"forminator-input-file forminator-field-upload-1_69f4344a53050-553\" multiple=\"multiple\" data-method=\"ajax\" accept=\".jpg,.jpeg,.jpe,.gif,.png,.webp,.avif,.heic,.heif,.heics,.heifs,.woff,.woff2\" data-limit=\"5\" data-limit-message=\"You can upload a maximum of 5 files.\" data-size=\"8000000\" data-size-message=\"Maximum file size allowed is 8 MB. \" data-filetype=\"jpg|jpeg|jpe|gif|png|webp|avif|heic|heif|heics|heifs|woff|woff2\" data-filetype-message=\"file extension is not allowed.\"><div class=\"forminator-multi-upload-message\" aria-hidden=\"true\"><span class=\"forminator-icon-upload\" aria-hidden=\"true\"><\/span><p>Drag and Drop (or) <a class=\"forminator-upload-file--forminator-field-upload-1_69f4344a53050\" href=\"#\" onclick=\"return false;\">Choose Files<\/a><\/p><\/div><\/div><ul class=\"forminator-uploaded-files upload-container-upload-1_69f4344a53050\"><\/ul><\/div><\/div><\/div><input type=\"hidden\" name=\"referer_url\" value=\"\" \/><div class=\"forminator-row forminator-row-last\"><div class=\"forminator-col\"><div class=\"forminator-field\"><button class=\"forminator-button forminator-button-submit us-btn-style_10\">Sprawd\u017a dost\u0119pno\u015b\u0107 wzoru<\/button><\/div><\/div><\/div><input type=\"hidden\" id=\"forminator_nonce\" name=\"forminator_nonce\" value=\"4ff2e70241\" \/><input type=\"hidden\" name=\"_wp_http_referer\" value=\"\/en\/wp-json\/wp\/v2\/pages\/763\" \/><input type=\"hidden\" name=\"form_id\" value=\"553\"><input type=\"hidden\" name=\"page_id\" value=\"763\"><input type=\"hidden\" name=\"form_type\" value=\"default\"><input type=\"hidden\" name=\"current_url\" value=\"https:\/\/tattoo-krakow.pl\/en\/available-designs\/\"><input type=\"hidden\" name=\"render_id\" value=\"0\"><input type=\"hidden\" name=\"forminator-multifile-hidden\" class=\"forminator-multifile-hidden\"><input type=\"hidden\" name=\"action\" value=\"forminator_submit_form_custom-forms\"><label for=\"input_8\" class=\"forminator-hidden\" aria-hidden=\"true\">Please do not fill in this field. <input id=\"input_8\" type=\"text\" name=\"input_8\" value=\"\" autocomplete=\"off\"><\/label><\/form><\/div><\/div><\/div><\/div><\/div><\/section><section class=\"l-section wpb_row us_custom_e491ad69 height_medium\"><div class=\"l-section-h i-cf\"><div class=\"g-cols vc_row via_grid cols_1 laptops-cols_inherit tablets-cols_inherit mobiles-cols_1 valign_top type_default stacking_default\"><div class=\"wpb_column vc_column_container us_custom_eb849559\"><div class=\"vc_column-inner\"><h2 class=\"w-text us_custom_c96a8a09\"><span class=\"w-text-h\"><span class=\"w-text-value\">Didn\u2019t find the perfect design in our catalog?<\/span><\/span><\/h2><span class=\"w-text us_custom_69617253 icon_atright\"><a href=\"https:\/\/tattoo-krakow.pl\/en\/contact\/\" class=\"w-text-h\"><span class=\"w-text-value\">Request a custom design (Contact)<\/span><i class=\"material-icons\">north_east<\/i><\/a><\/span><\/div><\/div><\/div><\/div><\/section>\n","protected":false},"excerpt":{"rendered":"","protected":false},"author":1,"featured_media":0,"parent":0,"menu_order":0,"comment_status":"closed","ping_status":"closed","template":"","meta":{"_acf_changed":false,"footnotes":""},"class_list":["post-763","page","type-page","status-publish","hentry"],"acf":[],"_links":{"self":[{"href":"https:\/\/tattoo-krakow.pl\/en\/wp-json\/wp\/v2\/pages\/763","targetHints":{"allow":["GET"]}}],"collection":[{"href":"https:\/\/tattoo-krakow.pl\/en\/wp-json\/wp\/v2\/pages"}],"about":[{"href":"https:\/\/tattoo-krakow.pl\/en\/wp-json\/wp\/v2\/types\/page"}],"author":[{"embeddable":true,"href":"https:\/\/tattoo-krakow.pl\/en\/wp-json\/wp\/v2\/users\/1"}],"replies":[{"embeddable":true,"href":"https:\/\/tattoo-krakow.pl\/en\/wp-json\/wp\/v2\/comments?post=763"}],"version-history":[{"count":7,"href":"https:\/\/tattoo-krakow.pl\/en\/wp-json\/wp\/v2\/pages\/763\/revisions"}],"predecessor-version":[{"id":949,"href":"https:\/\/tattoo-krakow.pl\/en\/wp-json\/wp\/v2\/pages\/763\/revisions\/949"}],"wp:attachment":[{"href":"https:\/\/tattoo-krakow.pl\/en\/wp-json\/wp\/v2\/media?parent=763"}],"curies":[{"name":"wp","href":"https:\/\/api.w.org\/{rel}","templated":true}]}}